{"id":2583,"date":"2025-01-14T15:36:32","date_gmt":"2025-01-14T15:36:32","guid":{"rendered":"https:\/\/miazina-physio.de\/en\/contact-me-copy\/"},"modified":"2026-03-01T13:44:30","modified_gmt":"2026-03-01T13:44:30","slug":"imprint","status":"publish","type":"page","link":"https:\/\/miazina-physio.de\/en\/imprint\/","title":{"rendered":"Imprint"},"content":{"rendered":"\t\t<div data-elementor-type=\"wp-page\" data-elementor-id=\"2583\" class=\"elementor elementor-2583\">\n\t\t\t\t\t\t<section class=\"has_eae_slider elementor-section elementor-top-section elementor-element elementor-element-65a524a elementor-section-content-middle elementor-section-boxed elementor-section-height-default elementor-section-height-default\" data-id=\"65a524a\" data-element_type=\"section\" data-settings=\"{&quot;background_background&quot;:&quot;classic&quot;}\">\n\t\t\t\t\t\t\t<div class=\"elementor-background-overlay\"><\/div>\n\t\t\t\t\t\t\t<div class=\"elementor-container elementor-column-gap-default\">\n\t\t\t\t\t<div class=\"has_eae_slider elementor-column elementor-col-100 elementor-top-column elementor-element elementor-element-6cb47c3\" data-id=\"6cb47c3\" data-element_type=\"column\">\n\t\t\t<div class=\"elementor-widget-wrap elementor-element-populated\">\n\t\t\t\t\t\t<section class=\"has_eae_slider elementor-section elementor-inner-section elementor-element elementor-element-1b50982 elementor-section-content-middle elementor-section-boxed elementor-section-height-default elementor-section-height-default\" data-id=\"1b50982\" data-element_type=\"section\">\n\t\t\t\t\t\t<div class=\"elementor-container elementor-column-gap-default\">\n\t\t\t\t\t<div class=\"has_eae_slider elementor-column elementor-col-33 elementor-inner-column elementor-element elementor-element-ca98c37\" data-id=\"ca98c37\" data-element_type=\"column\">\n\t\t\t<div class=\"elementor-widget-wrap\">\n\t\t\t\t\t\t\t<\/div>\n\t\t<\/div>\n\t\t\t\t<div class=\"has_eae_slider elementor-column elementor-col-33 elementor-inner-column elementor-element elementor-element-6557916 text-center\" data-id=\"6557916\" data-element_type=\"column\">\n\t\t\t<div class=\"elementor-widget-wrap elementor-element-populated\">\n\t\t\t\t\t\t<div class=\"elementor-element elementor-element-d5a472f elementor-widget elementor-widget-page-title\" data-id=\"d5a472f\" data-element_type=\"widget\" data-settings=\"{&quot;align&quot;:&quot;center&quot;}\" data-widget_type=\"page-title.default\">\n\t\t\t\t<div class=\"elementor-widget-container\">\n\t\t\t\t\t\t\t\n\t\t<div class=\"hfe-page-title hfe-page-title-wrapper elementor-widget-heading\">\n\n\t\t\t\t\t\t\t\t<h2 class=\"elementor-heading-title elementor-size-default\">\n\t\t\t\t\t\t\t\t\n\t\t\t\tImprint  \n\t\t\t<\/h2 > \n\t\t\t\t\t<\/div>\n\t\t\t\t\t\t<\/div>\n\t\t\t\t<\/div>\n\t\t\t\t<div class=\"elementor-element elementor-element-a0a5542 elementor-widget elementor-widget-html\" data-id=\"a0a5542\" data-element_type=\"widget\" data-widget_type=\"html.default\">\n\t\t\t\t<div class=\"elementor-widget-container\">\n\t\t\t\t\t<div class=\"breadcrumb-link\">\r\n<span><a href=\"\/en\/\">\r\nHome\r\n<\/a>\r\n<\/span>\r\n<span class=\"currentm\">Imprint<\/span>\r\n<\/div>\t\t\t\t<\/div>\n\t\t\t\t<\/div>\n\t\t\t\t\t<\/div>\n\t\t<\/div>\n\t\t\t\t<div class=\"has_eae_slider elementor-column elementor-col-33 elementor-inner-column elementor-element elementor-element-e6f5b12\" data-id=\"e6f5b12\" data-element_type=\"column\">\n\t\t\t<div class=\"elementor-widget-wrap\">\n\t\t\t\t\t\t\t<\/div>\n\t\t<\/div>\n\t\t\t\t\t<\/div>\n\t\t<\/section>\n\t\t\t\t\t<\/div>\n\t\t<\/div>\n\t\t\t\t\t<\/div>\n\t\t<\/section>\n\t\t<div class=\"has_eae_slider elementor-element elementor-element-355be50 e-flex e-con-boxed e-con e-parent\" data-id=\"355be50\" data-element_type=\"container\">\n\t\t\t\t\t<div class=\"e-con-inner\">\n\t\t\t\t<div class=\"elementor-element elementor-element-a00ad3d elementor-widget elementor-widget-heading\" data-id=\"a00ad3d\" data-element_type=\"widget\" data-widget_type=\"heading.default\">\n\t\t\t\t<div class=\"elementor-widget-container\">\n\t\t\t\t\t<h2 class=\"elementor-heading-title elementor-size-default\">\/\/ Imprint \/\/<\/h2>\t\t\t\t<\/div>\n\t\t\t\t<\/div>\n\t\t\t\t<div class=\"elementor-element elementor-element-77c781a elementor-widget elementor-widget-text-editor\" data-id=\"77c781a\" data-element_type=\"widget\" data-widget_type=\"text-editor.default\">\n\t\t\t\t<div class=\"elementor-widget-container\">\n\t\t\t\t\t\t\t\t\t<p><strong>Impressum nach \u00a7 5 DDG:<\/strong><\/p><p><strong>Alexandra Miazina Physio<\/strong><\/p><p class=\"p1\">Gr\u00fcnstra\u00dfe 18<br \/>40667 Meerbusch<\/p><p><strong>Kontakt:<\/strong><\/p><p class=\"p1\">Telefon: <a href=\"tel:+4917677145091\">017677145091<\/a><\/p><p class=\"p2\"><span class=\"s1\">Email: <\/span><a href=\"email:info@miazina-physio.de\">info@miazina-physio.de<\/a><\/p><p><strong><br \/>Berufsbezeichnung und berufsrechtliche Regelungen:<\/strong><\/p><p class=\"p1\"><strong>Physiotherapeutin:<\/strong> Alexandra Miazina<\/p><p class=\"p1\">Verliehen in:<br \/>Uniklinik D\u00fcsseldorf, Nordrhein-Westfalen<\/p><p class=\"p1\">Berufsrechtliche Regelungen nach Physiotherapeuten- und Masseurengesetz einsehbar unter:<br \/><a href=\"https:\/\/www.gesetze-im-internet.de\/mphg\/BJNR108400994.html\">https:\/\/www.gesetze-im-internet.de\/mphg\/BJNR108400994.html<\/a><\/p><p class=\"p1\">Zust\u00e4ndige Aufsichtsbeh\u00f6rde: Gesundheitsamt D\u00fcsseldorf<\/p><p class=\"p1\"><strong><br \/>Verantwortliche i.S.d. \u00a7 55 Abs. 2 RStV f\u00fcr die journalistisch-redaktionellen Inhalte:<\/strong><\/p><p class=\"p1\">Alexandra Miazina<\/p><p class=\"p1\">Gr\u00fcnstra\u00dfe 18<br \/>40667 Meerbusch (\u00a7 18 MStV)<\/p>\t\t\t\t\t\t\t\t<\/div>\n\t\t\t\t<\/div>\n\t\t\t\t\t<\/div>\n\t\t\t\t<\/div>\n\t\t\t\t<\/div>\n\t\t","protected":false},"excerpt":{"rendered":"<p>Imprint Home Imprint \/\/ Imprint \/\/ Impressum nach \u00a7 5 DDG: Alexandra Miazina Physio Gr\u00fcnstra\u00dfe 1840667 Meerbusch Kontakt: Telefon: 017677145091 Email: info@miazina-physio.de Berufsbezeichnung und berufsrechtliche Regelungen: Physiotherapeutin: Alexandra Miazina Verliehen in:Uniklinik D\u00fcsseldorf, Nordrhein-Westfalen Berufsrechtliche Regelungen nach Physiotherapeuten- und Masseurengesetz einsehbar unter:https:\/\/www.gesetze-im-internet.de\/mphg\/BJNR108400994.html Zust\u00e4ndige Aufsichtsbeh\u00f6rde: Gesundheitsamt D\u00fcsseldorf Verantwortliche i.S.d. \u00a7 55 Abs. 2 RStV f\u00fcr die journalistisch-redaktionellen [&hellip;]<\/p>\n","protected":false},"author":1,"featured_media":0,"parent":0,"menu_order":0,"comment_status":"closed","ping_status":"closed","template":"elementor_header_footer","meta":{"_acf_changed":false,"footnotes":""},"class_list":["post-2583","page","type-page","status-publish","hentry"],"acf":[],"_links":{"self":[{"href":"https:\/\/miazina-physio.de\/en\/wp-json\/wp\/v2\/pages\/2583","targetHints":{"allow":["GET"]}}],"collection":[{"href":"https:\/\/miazina-physio.de\/en\/wp-json\/wp\/v2\/pages"}],"about":[{"href":"https:\/\/miazina-physio.de\/en\/wp-json\/wp\/v2\/types\/page"}],"author":[{"embeddable":true,"href":"https:\/\/miazina-physio.de\/en\/wp-json\/wp\/v2\/users\/1"}],"replies":[{"embeddable":true,"href":"https:\/\/miazina-physio.de\/en\/wp-json\/wp\/v2\/comments?post=2583"}],"version-history":[{"count":46,"href":"https:\/\/miazina-physio.de\/en\/wp-json\/wp\/v2\/pages\/2583\/revisions"}],"predecessor-version":[{"id":2994,"href":"https:\/\/miazina-physio.de\/en\/wp-json\/wp\/v2\/pages\/2583\/revisions\/2994"}],"wp:attachment":[{"href":"https:\/\/miazina-physio.de\/en\/wp-json\/wp\/v2\/media?parent=2583"}],"curies":[{"name":"wp","href":"https:\/\/api.w.org\/{rel}","templated":true}]}}