{"id":2141,"date":"2025-01-14T16:36:53","date_gmt":"2025-01-14T16:36:53","guid":{"rendered":"https:\/\/miazina-physio.de\/de\/under-construction-copy\/"},"modified":"2026-03-01T13:44:18","modified_gmt":"2026-03-01T13:44:18","slug":"imprint","status":"publish","type":"page","link":"https:\/\/miazina-physio.de\/de\/imprint\/","title":{"rendered":"Impressum"},"content":{"rendered":"\t\t<div data-elementor-type=\"wp-page\" data-elementor-id=\"2141\" class=\"elementor elementor-2141\">\n\t\t\t\t\t\t<section class=\"has_eae_slider elementor-section elementor-top-section elementor-element elementor-element-23cafe0f elementor-section-content-middle elementor-section-boxed elementor-section-height-default elementor-section-height-default\" data-id=\"23cafe0f\" data-element_type=\"section\" data-settings=\"{&quot;background_background&quot;:&quot;classic&quot;}\">\n\t\t\t\t\t\t\t<div class=\"elementor-background-overlay\"><\/div>\n\t\t\t\t\t\t\t<div class=\"elementor-container elementor-column-gap-default\">\n\t\t\t\t\t<div class=\"has_eae_slider elementor-column elementor-col-100 elementor-top-column elementor-element elementor-element-4f0db7b0\" data-id=\"4f0db7b0\" data-element_type=\"column\">\n\t\t\t<div class=\"elementor-widget-wrap elementor-element-populated\">\n\t\t\t\t\t\t<section class=\"has_eae_slider elementor-section elementor-inner-section elementor-element elementor-element-51ed7241 elementor-section-content-middle elementor-section-boxed elementor-section-height-default elementor-section-height-default\" data-id=\"51ed7241\" data-element_type=\"section\">\n\t\t\t\t\t\t<div class=\"elementor-container elementor-column-gap-default\">\n\t\t\t\t\t<div class=\"has_eae_slider elementor-column elementor-col-33 elementor-inner-column elementor-element elementor-element-958dab1\" data-id=\"958dab1\" data-element_type=\"column\">\n\t\t\t<div class=\"elementor-widget-wrap\">\n\t\t\t\t\t\t\t<\/div>\n\t\t<\/div>\n\t\t\t\t<div class=\"has_eae_slider elementor-column elementor-col-33 elementor-inner-column elementor-element elementor-element-32200074 text-center\" data-id=\"32200074\" data-element_type=\"column\">\n\t\t\t<div class=\"elementor-widget-wrap elementor-element-populated\">\n\t\t\t\t\t\t<div class=\"elementor-element elementor-element-3e82cfa elementor-widget elementor-widget-page-title\" data-id=\"3e82cfa\" data-element_type=\"widget\" data-settings=\"{&quot;align&quot;:&quot;center&quot;}\" data-widget_type=\"page-title.default\">\n\t\t\t\t<div class=\"elementor-widget-container\">\n\t\t\t\t\t\t\t\n\t\t<div class=\"hfe-page-title hfe-page-title-wrapper elementor-widget-heading\">\n\n\t\t\t\t\t\t\t\t<h2 class=\"elementor-heading-title elementor-size-default\">\n\t\t\t\t\t\t\t\t\n\t\t\t\tImpressum  \n\t\t\t<\/h2 > \n\t\t\t\t\t<\/div>\n\t\t\t\t\t\t<\/div>\n\t\t\t\t<\/div>\n\t\t\t\t<div class=\"elementor-element elementor-element-447fe60 elementor-widget elementor-widget-html\" data-id=\"447fe60\" data-element_type=\"widget\" data-widget_type=\"html.default\">\n\t\t\t\t<div class=\"elementor-widget-container\">\n\t\t\t\t\t<div class=\"breadcrumb-link\">\r\n<span><a href=\"\/de\/\">\r\nHome\r\n<\/a>\r\n<\/span>\r\n<span class=\"currentm\">Impressum<\/span>\r\n<\/div>\t\t\t\t<\/div>\n\t\t\t\t<\/div>\n\t\t\t\t\t<\/div>\n\t\t<\/div>\n\t\t\t\t<div class=\"has_eae_slider elementor-column elementor-col-33 elementor-inner-column elementor-element elementor-element-536937d3\" data-id=\"536937d3\" data-element_type=\"column\">\n\t\t\t<div class=\"elementor-widget-wrap\">\n\t\t\t\t\t\t\t<\/div>\n\t\t<\/div>\n\t\t\t\t\t<\/div>\n\t\t<\/section>\n\t\t\t\t\t<\/div>\n\t\t<\/div>\n\t\t\t\t\t<\/div>\n\t\t<\/section>\n\t\t<div class=\"has_eae_slider elementor-element elementor-element-cac230a e-flex e-con-boxed e-con e-parent\" data-id=\"cac230a\" data-element_type=\"container\">\n\t\t\t\t\t<div class=\"e-con-inner\">\n\t\t\t\t<div class=\"elementor-element elementor-element-97d095f elementor-widget elementor-widget-heading\" data-id=\"97d095f\" data-element_type=\"widget\" data-widget_type=\"heading.default\">\n\t\t\t\t<div class=\"elementor-widget-container\">\n\t\t\t\t\t<h2 class=\"elementor-heading-title elementor-size-default\">\/\/ Impressum \/\/<\/h2>\t\t\t\t<\/div>\n\t\t\t\t<\/div>\n\t\t\t\t<div class=\"elementor-element elementor-element-1e7fc42 elementor-widget elementor-widget-text-editor\" data-id=\"1e7fc42\" data-element_type=\"widget\" data-widget_type=\"text-editor.default\">\n\t\t\t\t<div class=\"elementor-widget-container\">\n\t\t\t\t\t\t\t\t\t<p><strong>Impressum nach \u00a7 5 DDG:<\/strong><\/p><p><strong>Alexandra Miazina Physio<\/strong><\/p><p>Gr\u00fcnstra\u00dfe 18<br \/>40667 Meerbusch<\/p><p><strong><br \/>Kontakt:<\/strong><\/p><p>Telefon: <a href=\"tel:+4917677145091\">017677145091<\/a><\/p><p>Email: <a href=\"email:info@miazina-physio.de\">info@miazina-physio.de<\/a><\/p><p><strong><br \/>Berufsbezeichnung und berufsrechtliche Regelungen:<\/strong><\/p><p><strong>Physiotherapeutin:<\/strong> Alexandra Miazina<\/p><p>Verliehen in:<br \/>Uniklinik D\u00fcsseldorf, Nordrhein-Westfalen<\/p><p>Berufsrechtliche Regelungen nach Physiotherapeuten- und Masseurengesetz einsehbar unter:<br \/><a href=\"https:\/\/www.gesetze-im-internet.de\/mphg\/BJNR108400994.html\">https:\/\/www.gesetze-im-internet.de\/mphg\/BJNR108400994.html<\/a><\/p><p>Zust\u00e4ndige Aufsichtsbeh\u00f6rde: Gesundheitsamt D\u00fcsseldorf<\/p><p><strong><br \/>Verantwortliche i.S.d. \u00a7 55 Abs. 2 RStV f\u00fcr die journalistisch-redaktionellen Inhalte:<\/strong><\/p><p>Alexandra Miazina<\/p><p class=\"p1\">Gr\u00fcnstra\u00dfe 18<br \/>40667 Meerbusch (\u00a7 18 MStV)<\/p>\t\t\t\t\t\t\t\t<\/div>\n\t\t\t\t<\/div>\n\t\t\t\t\t<\/div>\n\t\t\t\t<\/div>\n\t\t\t\t<\/div>\n\t\t","protected":false},"excerpt":{"rendered":"<p>Impressum Home Impressum \/\/ Impressum \/\/ Impressum nach \u00a7 5 DDG: Alexandra Miazina Physio Gr\u00fcnstra\u00dfe 1840667 Meerbusch Kontakt: Telefon: 017677145091 Email: info@miazina-physio.de Berufsbezeichnung und berufsrechtliche Regelungen: Physiotherapeutin: Alexandra Miazina Verliehen in:Uniklinik D\u00fcsseldorf, Nordrhein-Westfalen Berufsrechtliche Regelungen nach Physiotherapeuten- und Masseurengesetz einsehbar unter:https:\/\/www.gesetze-im-internet.de\/mphg\/BJNR108400994.html Zust\u00e4ndige Aufsichtsbeh\u00f6rde: Gesundheitsamt D\u00fcsseldorf Verantwortliche i.S.d. \u00a7 55 Abs. 2 RStV f\u00fcr die journalistisch-redaktionellen [&hellip;]<\/p>\n","protected":false},"author":1,"featured_media":0,"parent":0,"menu_order":0,"comment_status":"closed","ping_status":"closed","template":"elementor_header_footer","meta":{"_acf_changed":false,"footnotes":""},"class_list":["post-2141","page","type-page","status-publish","hentry"],"acf":[],"_links":{"self":[{"href":"https:\/\/miazina-physio.de\/de\/wp-json\/wp\/v2\/pages\/2141","targetHints":{"allow":["GET"]}}],"collection":[{"href":"https:\/\/miazina-physio.de\/de\/wp-json\/wp\/v2\/pages"}],"about":[{"href":"https:\/\/miazina-physio.de\/de\/wp-json\/wp\/v2\/types\/page"}],"author":[{"embeddable":true,"href":"https:\/\/miazina-physio.de\/de\/wp-json\/wp\/v2\/users\/1"}],"replies":[{"embeddable":true,"href":"https:\/\/miazina-physio.de\/de\/wp-json\/wp\/v2\/comments?post=2141"}],"version-history":[{"count":34,"href":"https:\/\/miazina-physio.de\/de\/wp-json\/wp\/v2\/pages\/2141\/revisions"}],"predecessor-version":[{"id":2632,"href":"https:\/\/miazina-physio.de\/de\/wp-json\/wp\/v2\/pages\/2141\/revisions\/2632"}],"wp:attachment":[{"href":"https:\/\/miazina-physio.de\/de\/wp-json\/wp\/v2\/media?parent=2141"}],"curies":[{"name":"wp","href":"https:\/\/api.w.org\/{rel}","templated":true}]}}